{"id":55,"date":"2026-04-14T19:36:37","date_gmt":"2026-04-14T19:36:37","guid":{"rendered":"https:\/\/dmcdelgolfo.com\/?page_id=55"},"modified":"2026-04-14T19:36:38","modified_gmt":"2026-04-14T19:36:38","slug":"video-inspeccion-boroscopio-industrial","status":"publish","type":"page","link":"https:\/\/dmcdelgolfo.com\/?page_id=55","title":{"rendered":"Video Inspeccion (Boroscopio Industrial)"},"content":{"rendered":"\n<div class=\"wp-block-group alignfull is-style-section-4 has-global-padding is-layout-constrained wp-block-group-is-layout-constrained is-style-section-4--1\" style=\"min-height:100vh;margin-top:0;margin-bottom:0\">\n<div class=\"wp-block-columns alignfull is-layout-flex wp-container-core-columns-is-layout-28f84493 wp-block-columns-is-layout-flex\">\n<div class=\"wp-block-column is-vertically-aligned-center is-layout-flow wp-block-column-is-layout-flow\">\n<div class=\"wp-block-group is-layout-flow wp-block-group-is-layout-flow\" style=\"padding-top:var(--wp--preset--spacing--50);padding-right:var(--wp--preset--spacing--50);padding-bottom:var(--wp--preset--spacing--50);padding-left:var(--wp--preset--spacing--50)\">\n<h2 class=\"wp-block-heading\">Lewis Hine<\/h2>\n\n\n\n<p>Lewis W. Hine estudi\u00f3 sociolog\u00eda antes de trasladarse a Nueva York en 1901 para trabajar en la Escuela de Cultura \u00c9tica, donde se aficion\u00f3 a la fotograf\u00eda para mejorar sus pr\u00e1cticas docentes.<\/p>\n\n\n\n<div class=\"wp-block-group is-nowrap is-layout-flex wp-container-core-group-is-layout-f1189ed3 wp-block-group-is-layout-flex\">\n<p><a href=\"#\">Instagram<\/a><\/p>\n\n\n\n<p><a href=\"#\">X<\/a><\/p>\n\n\n\n<p><a href=\"#\">TikTok<\/a><\/p>\n<\/div>\n<\/div>\n<\/div>\n\n\n\n<div class=\"wp-block-column is-layout-flow wp-block-column-is-layout-flow\">\n<div class=\"wp-block-cover\" style=\"min-height:100vh;aspect-ratio:unset;\"><img decoding=\"async\" class=\"wp-block-cover__image-background\" alt=\"Foto de una trabajadora.\" src=\"https:\/\/dmcdelgolfo.com\/wp-content\/themes\/twentytwentyfive\/assets\/images\/link-in-bio-background.webp\" data-object-fit=\"cover\"\/><span aria-hidden=\"true\" class=\"wp-block-cover__background has-background-dim-0 has-background-dim\" style=\"background-color:#6b6b6b\"><\/span><div class=\"wp-block-cover__inner-container is-layout-flow wp-block-cover-is-layout-flow\">\n<div style=\"height:var(--wp--preset--spacing--20)\" aria-hidden=\"true\" class=\"wp-block-spacer\"><\/div>\n<\/div><\/div>\n<\/div>\n<\/div>\n<\/div>\n","protected":false},"excerpt":{"rendered":"<p>Lewis Hine Lewis W. Hine estudi\u00f3 sociolog\u00eda antes de trasladarse a Nueva York en 1901 para trabajar en la Escuela de Cultura \u00c9tica, donde se aficion\u00f3 a la fotograf\u00eda para mejorar sus pr\u00e1cticas docentes. Instagram X TikTok<\/p>\n","protected":false},"author":1,"featured_media":0,"parent":0,"menu_order":0,"comment_status":"closed","ping_status":"closed","template":"","meta":{"footnotes":""},"class_list":["post-55","page","type-page","status-publish","hentry"],"_links":{"self":[{"href":"https:\/\/dmcdelgolfo.com\/index.php?rest_route=\/wp\/v2\/pages\/55","targetHints":{"allow":["GET"]}}],"collection":[{"href":"https:\/\/dmcdelgolfo.com\/index.php?rest_route=\/wp\/v2\/pages"}],"about":[{"href":"https:\/\/dmcdelgolfo.com\/index.php?rest_route=\/wp\/v2\/types\/page"}],"author":[{"embeddable":true,"href":"https:\/\/dmcdelgolfo.com\/index.php?rest_route=\/wp\/v2\/users\/1"}],"replies":[{"embeddable":true,"href":"https:\/\/dmcdelgolfo.com\/index.php?rest_route=%2Fwp%2Fv2%2Fcomments&post=55"}],"version-history":[{"count":1,"href":"https:\/\/dmcdelgolfo.com\/index.php?rest_route=\/wp\/v2\/pages\/55\/revisions"}],"predecessor-version":[{"id":67,"href":"https:\/\/dmcdelgolfo.com\/index.php?rest_route=\/wp\/v2\/pages\/55\/revisions\/67"}],"wp:attachment":[{"href":"https:\/\/dmcdelgolfo.com\/index.php?rest_route=%2Fwp%2Fv2%2Fmedia&parent=55"}],"curies":[{"name":"wp","href":"https:\/\/api.w.org\/{rel}","templated":true}]}}